{"id":10430,"date":"2018-12-10T03:06:47","date_gmt":"2018-12-10T03:06:47","guid":{"rendered":"https:\/\/www.sunsportfun.it\/about-us\/"},"modified":"2021-02-27T08:35:22","modified_gmt":"2021-02-27T07:35:22","slug":"about-us","status":"publish","type":"page","link":"https:\/\/sunsportfun.it\/de\/about-us\/","title":{"rendered":"About Us"},"content":{"rendered":"<p>[vc_row][vc_column][vc_empty_space height=&#8220;60px&#8220;][\/vc_column][\/vc_row][vc_row][vc_column width=&#8220;1\/2&#8243;][vc_single_image image=&#8220;9818&#8243; img_size=&#8220;full&#8220; alignment=&#8220;center&#8220; css_animation=&#8220;none&#8220;][vc_column_text el_class=&#8220;st-aboutus-title&#8220;]<\/p>\n<h3>Unsere Geschichte<\/h3>\n<p>[\/vc_column_text][vc_column_text el_class=&#8220;st-aboutus-content&#8220;]Wir sind ein junges Unternehmen, das geboren wurde, um Touristen auf ihren Reisen zu unterst\u00fctzen. Alle unsere Mitarbeiter sind Tourismusfachleute, die die Liebe zum dynamischen und aktiven Reisen in den Vordergrund stellen.[\/vc_column_text][vc_empty_space height=&#8220;30px&#8220;][\/vc_column][vc_column width=&#8220;1\/2&#8243;][vc_single_image image=&#8220;9768&#8243; img_size=&#8220;full&#8220; alignment=&#8220;center&#8220;][vc_column_text el_class=&#8220;st-aboutus-title&#8220;]<\/p>\n<h3>Unsere Mission<\/h3>\n<p>[\/vc_column_text][vc_column_text el_class=&#8220;st-aboutus-content&#8220;]Unsere Mission ist den aktiven, sportlichen und dynamischen Touristen Dienstleistungen anzubieten, die das Feriengebiet bietet.[\/vc_column_text][vc_empty_space height=&#8220;30px&#8220;][\/vc_column][\/vc_row][vc_row][vc_column][vc_empty_space height=&#8220;20px&#8220;]<div class=\"st-list-statistic\"><div class=\"row\">            <div class=\"col-md-3 col-sm-6\">\r\n                <div class=\"item-wrapper\">\r\n                    <div class=\"item\">\r\n                        <div class=\"front\">\r\n                            <div class=\"inner\">\r\n                                <h4>100+<\/h4>\r\n                                <p class=\"sub-text\">Partner<\/p>\r\n                            <\/div>\r\n                        <\/div>\r\n                        <div class=\"end\">\r\n                            <p class=\"desc\">Bieten Sie Ausfl\u00fcge, Aktivit\u00e4ten an oder haben Sie ein f\u00fcr den Tourismus geeignetes Ferienhaus? Dann werden Sie unser Partner und Sie erhalten viele neue Buchungen.<\/p>\r\n                        <\/div>\r\n                    <\/div>\r\n                <\/div>\r\n            <\/div>\r\n                        <div class=\"col-md-3 col-sm-6\">\r\n                <div class=\"item-wrapper\">\r\n                    <div class=\"item\">\r\n                        <div class=\"front\">\r\n                            <div class=\"inner\">\r\n                                <h4>2k+<\/h4>\r\n                                <p class=\"sub-text\">Manager von Ferienh\u00e4user<\/p>\r\n                            <\/div>\r\n                        <\/div>\r\n                        <div class=\"end\">\r\n                            <p class=\"desc\">Erhalten Sie sich neue Buchungen! Wir empfehlen Vermietungsmanager, sich in unserer Website einzuschreiben.<\/p>\r\n                        <\/div>\r\n                    <\/div>\r\n                <\/div>\r\n            <\/div>\r\n                        <div class=\"col-md-3 col-sm-6\">\r\n                <div class=\"item-wrapper\">\r\n                    <div class=\"item\">\r\n                        <div class=\"front\">\r\n                            <div class=\"inner\">\r\n                                <h4>300+<\/h4>\r\n                                <p class=\"sub-text\">Ferienziele<\/p>\r\n                            <\/div>\r\n                        <\/div>\r\n                        <div class=\"end\">\r\n                            <p class=\"desc\">Wir sind jung, aber wir sind bereit, Ziele in ganz Europa hinzuzuf\u00fcgen und die M\u00f6glichkeiten der Region aufzuzeigen.<\/p>\r\n                        <\/div>\r\n                    <\/div>\r\n                <\/div>\r\n            <\/div>\r\n                        <div class=\"col-md-3 col-sm-6\">\r\n                <div class=\"item-wrapper\">\r\n                    <div class=\"item\">\r\n                        <div class=\"front\">\r\n                            <div class=\"inner\">\r\n                                <h4>Steigere<\/h4>\r\n                                <p class=\"sub-text\">Deine Reservierungen<\/p>\r\n                            <\/div>\r\n                        <\/div>\r\n                        <div class=\"end\">\r\n                            <p class=\"desc\">Arbeiten Sie mit uns zusammen und steigern Sie Ihr Gesch\u00e4ft dank unserer starken Marketingaktionen.<\/p>\r\n                        <\/div>\r\n                    <\/div>\r\n                <\/div>\r\n            <\/div>\r\n            <\/div><\/div>[vc_empty_space height=&#8220;65px&#8220;]<div class=\"st-aboutus-info\">\r\n        <p class=\"message\">\"Bereits im Alter von 14 Jahren im Tourismus t\u00e4tig, wo er in der Sommersaison bei der Leitung eines Resorts arbeitete.\"<\/p>\r\n        <img decoding=\"async\" src=\"https:\/\/sunsportfun.it\/wp-content\/uploads\/2021\/02\/foto-matt-2015-ogg.jpg\" alt=\"Matteo Lizzio\"\/>            <p class=\"name\">Matteo Lizzio<\/p>\r\n                <p class=\"pos\">Gr\u00fcnder<\/p>\r\n    <\/div>[vc_empty_space height=&#8220;65px&#8220;][\/vc_column][\/vc_row][vc_row full_width=&#8220;stretch_row_content_no_spaces&#8220; row_fullwidth=&#8220;yes&#8220;][vc_column css=&#8220;.vc_custom_1543386510262{padding-right: 0px !important;padding-left: 0px !important;}&#8220;]<div class=\"st-aboutus-gallery\">\r\n            <div class=\"st-flickity st-gallery\">\r\n            <div class=\"carousel\"\r\n                 data-flickity='{ \"wrapAround\": true, \"pageDots\": true , \"autoPlay\" : true}'>\r\n                                    <div class=\"item\" style=\"background-image: url('https:\/\/sunsportfun.it\/wp-content\/uploads\/2021\/01\/IMG-20170601-WA0015.jpg')\"><\/div>\r\n                                        <div class=\"item\" style=\"background-image: url('https:\/\/sunsportfun.it\/wp-content\/uploads\/2021\/01\/IMG-20170601-WA0007.jpg')\"><\/div>\r\n                                        <div class=\"item\" style=\"background-image: url('https:\/\/sunsportfun.it\/wp-content\/uploads\/2021\/02\/189579958.jpg')\"><\/div>\r\n                                        <div class=\"item\" style=\"background-image: url('https:\/\/sunsportfun.it\/wp-content\/uploads\/2021\/01\/IMG-20170601-WA0016.jpg')\"><\/div>\r\n                                        <div class=\"item\" style=\"background-image: url('https:\/\/sunsportfun.it\/wp-content\/uploads\/2020\/06\/Don-Matteo-Sunset-scaled.jpg')\"><\/div>\r\n                                        <div class=\"item\" style=\"background-image: url('https:\/\/sunsportfun.it\/wp-content\/uploads\/2021\/02\/0757c9c1-ab27-46db-9b20-1469c443bd85.jpg')\"><\/div>\r\n                                        <div class=\"item\" style=\"background-image: url('https:\/\/sunsportfun.it\/wp-content\/uploads\/2021\/01\/Matt1-slider-base.jpg')\"><\/div>\r\n                                        <div class=\"item\" style=\"background-image: url('https:\/\/sunsportfun.it\/wp-content\/uploads\/2020\/05\/segesta1.jpg')\"><\/div>\r\n                                        <div class=\"item\" style=\"background-image: url('https:\/\/sunsportfun.it\/wp-content\/uploads\/2019\/01\/supesterno-e1591361392296.jpg')\"><\/div>\r\n                                <\/div>\r\n            <div class=\"slogan\">\r\n                <h4>Dein Urlaub mit Sun Sport Fun<\/h4>\r\n                                        <a href=\"#link-to\" target=\"\" class=\"btn btn-primary\">Join Our Team<\/a>\r\n                                <\/div>\r\n        <\/div>\r\n    <\/div>\r\n[\/vc_column][\/vc_row][vc_row][vc_column][vc_empty_space height=&#8220;130px&#8220;][\/vc_column][\/vc_row]<\/p>\n","protected":false},"excerpt":{"rendered":"<p>[vc_row][vc_column][vc_empty_space height=&#8220;60px&#8220;][\/vc_column][\/vc_row][vc_row][vc_column width=&#8220;1\/2&#8243;][vc_single_image image=&#8220;9818&#8243; img_size=&#8220;full&#8220; alignment=&#8220;center&#8220; css_animation=&#8220;none&#8220;][vc_column_text el_class=&#8220;st-aboutus-title&#8220;] Unsere Geschichte [\/vc_column_text][vc_column_text el_class=&#8220;st-aboutus-content&#8220;]Wir sind ein junges Unternehmen, das geboren wurde, um Touristen auf ihren Reisen zu unterst\u00fctzen. Alle unsere Mitarbeiter sind Tourismusfachleute, die die Liebe zum dynamischen und aktiven Reisen in den Vordergrund stellen.[\/vc_column_text][vc_empty_space height=&#8220;30px&#8220;][\/vc_column][vc_column width=&#8220;1\/2&#8243;][vc_single_image image=&#8220;9768&#8243; img_size=&#8220;full&#8220; alignment=&#8220;center&#8220;][vc_column_text el_class=&#8220;st-aboutus-title&#8220;] Unsere Mission [\/vc_column_text][vc_column_text el_class=&#8220;st-aboutus-content&#8220;]Unsere Mission ist [&hellip;]<\/p>\n","protected":false},"author":1,"featured_media":10142,"parent":0,"menu_order":0,"comment_status":"closed","ping_status":"closed","template":"template-home-modern.php","meta":{"footnotes":""},"class_list":["post-10430","page","type-page","status-publish","has-post-thumbnail","hentry"],"_links":{"self":[{"href":"https:\/\/sunsportfun.it\/de\/wp-json\/wp\/v2\/pages\/10430","targetHints":{"allow":["GET"]}}],"collection":[{"href":"https:\/\/sunsportfun.it\/de\/wp-json\/wp\/v2\/pages"}],"about":[{"href":"https:\/\/sunsportfun.it\/de\/wp-json\/wp\/v2\/types\/page"}],"author":[{"embeddable":true,"href":"https:\/\/sunsportfun.it\/de\/wp-json\/wp\/v2\/users\/1"}],"replies":[{"embeddable":true,"href":"https:\/\/sunsportfun.it\/de\/wp-json\/wp\/v2\/comments?post=10430"}],"version-history":[{"count":5,"href":"https:\/\/sunsportfun.it\/de\/wp-json\/wp\/v2\/pages\/10430\/revisions"}],"predecessor-version":[{"id":10439,"href":"https:\/\/sunsportfun.it\/de\/wp-json\/wp\/v2\/pages\/10430\/revisions\/10439"}],"wp:featuredmedia":[{"embeddable":true,"href":"https:\/\/sunsportfun.it\/de\/wp-json\/wp\/v2\/media\/10142"}],"wp:attachment":[{"href":"https:\/\/sunsportfun.it\/de\/wp-json\/wp\/v2\/media?parent=10430"}],"curies":[{"name":"wp","href":"https:\/\/api.w.org\/{rel}","templated":true}]}}