{"id":10428,"date":"2018-12-10T03:06:47","date_gmt":"2018-12-10T03:06:47","guid":{"rendered":"https:\/\/www.sunsportfun.it\/about-us\/"},"modified":"2021-02-27T08:07:58","modified_gmt":"2021-02-27T07:07:58","slug":"about-us","status":"publish","type":"page","link":"https:\/\/sunsportfun.it\/it\/about-us\/","title":{"rendered":"About Us"},"content":{"rendered":"<p>[vc_row][vc_column][vc_empty_space height=&#8221;60px&#8221;][\/vc_column][\/vc_row][vc_row][vc_column width=&#8221;1\/2&#8243;][vc_single_image image=&#8221;9819&#8243; img_size=&#8221;full&#8221; alignment=&#8221;center&#8221; css_animation=&#8221;none&#8221;][vc_column_text el_class=&#8221;st-aboutus-title&#8221;]<\/p>\n<h3>La Nostra Storia<\/h3>\n<p>[\/vc_column_text][vc_column_text el_class=&#8221;st-aboutus-content&#8221;]Siamo una giovane azienda nata per assistere i turisti nei loro viaggi. Tutti i nostri collaboratori sono professionisti del turismo che mettono al primo posto l&#8217;amore per i viaggi dinamici e attivi.[\/vc_column_text][vc_empty_space height=&#8221;30px&#8221;][\/vc_column][vc_column width=&#8221;1\/2&#8243;][vc_single_image image=&#8221;9769&#8243; img_size=&#8221;full&#8221; alignment=&#8221;center&#8221;][vc_column_text el_class=&#8221;st-aboutus-title&#8221;]<\/p>\n<h3>La Nostra Missione<\/h3>\n<p>[\/vc_column_text][vc_column_text el_class=&#8221;st-aboutus-content&#8221;]La nostra missione \u00e8 fornire servizi a turisti attivi, sportivi e dinamici che vogliono scoprire tutte le possibilit\u00e0 offerte dal territorio che stanno visitando.[\/vc_column_text][vc_empty_space height=&#8221;30px&#8221;][\/vc_column][\/vc_row][vc_row][vc_column][vc_empty_space height=&#8221;20px&#8221;]<div class=\"st-list-statistic\"><div class=\"row\">            <div class=\"col-md-3 col-sm-6\">\r\n                <div class=\"item-wrapper\">\r\n                    <div class=\"item\">\r\n                        <div class=\"front\">\r\n                            <div class=\"inner\">\r\n                                <h4>100+<\/h4>\r\n                                <p class=\"sub-text\">partner<\/p>\r\n                            <\/div>\r\n                        <\/div>\r\n                        <div class=\"end\">\r\n                            <p class=\"desc\">Organizzi gite, attivit\u00e0 sportive o possiedi degli immobili destinati al uso turistico. Diventa nostro partner e fai crescere il tuo giro.<\/p>\r\n                        <\/div>\r\n                    <\/div>\r\n                <\/div>\r\n            <\/div>\r\n                        <div class=\"col-md-3 col-sm-6\">\r\n                <div class=\"item-wrapper\">\r\n                    <div class=\"item\">\r\n                        <div class=\"front\">\r\n                            <div class=\"inner\">\r\n                                <h4>2k+<\/h4>\r\n                                <p class=\"sub-text\">propriet\u00e0<\/p>\r\n                            <\/div>\r\n                        <\/div>\r\n                        <div class=\"end\">\r\n                            <p class=\"desc\">Invitiamo i proprietari di immobili destinati ad accogliere i turisti a  richiedere la registrazione sul nostro sito.<\/p>\r\n                        <\/div>\r\n                    <\/div>\r\n                <\/div>\r\n            <\/div>\r\n                        <div class=\"col-md-3 col-sm-6\">\r\n                <div class=\"item-wrapper\">\r\n                    <div class=\"item\">\r\n                        <div class=\"front\">\r\n                            <div class=\"inner\">\r\n                                <h4>300+<\/h4>\r\n                                <p class=\"sub-text\">destinazioni<\/p>\r\n                            <\/div>\r\n                        <\/div>\r\n                        <div class=\"end\">\r\n                            <p class=\"desc\">Siamo giovani ma siamo pronti ad aggiungere destinazioni in tutta Europa e mostrare le possibilit\u00e0 del territorio.<\/p>\r\n                        <\/div>\r\n                    <\/div>\r\n                <\/div>\r\n            <\/div>\r\n                        <div class=\"col-md-3 col-sm-6\">\r\n                <div class=\"item-wrapper\">\r\n                    <div class=\"item\">\r\n                        <div class=\"front\">\r\n                            <div class=\"inner\">\r\n                                <h4>incremente le tue<\/h4>\r\n                                <p class=\"sub-text\">prenotazioni<\/p>\r\n                            <\/div>\r\n                        <\/div>\r\n                        <div class=\"end\">\r\n                            <p class=\"desc\">Lavora con noi, aumenta il tuo business grazie alle nostre forti azioni di marketing. Cogli l&#039;attimo !<\/p>\r\n                        <\/div>\r\n                    <\/div>\r\n                <\/div>\r\n            <\/div>\r\n            <\/div><\/div>[vc_empty_space height=&#8221;65px&#8221;]<div class=\"st-aboutus-info\">\r\n        <p class=\"message\">\"Attivo nel turismo gi\u00e0 all&#039;et\u00e0 di 14 anni dove gi\u00e0 nella stagione estiva lavorava presso la gestione di un Resort.\"<\/p>\r\n        <img decoding=\"async\" src=\"https:\/\/sunsportfun.it\/wp-content\/uploads\/2021\/02\/foto-matt-2015-ogg.jpg\" alt=\"Matteo Lizzio\"\/>            <p class=\"name\">Matteo Lizzio<\/p>\r\n                <p class=\"pos\">Fodatore<\/p>\r\n    <\/div>[vc_empty_space height=&#8221;65px&#8221;][\/vc_column][\/vc_row][vc_row full_width=&#8221;stretch_row_content_no_spaces&#8221; row_fullwidth=&#8221;yes&#8221;][vc_column css=&#8221;.vc_custom_1543386510262{padding-right: 0px !important;padding-left: 0px !important;}&#8221;]<div class=\"st-aboutus-gallery\">\r\n            <div class=\"st-flickity st-gallery\">\r\n            <div class=\"carousel\"\r\n                 data-flickity='{ \"wrapAround\": true, \"pageDots\": true , \"autoPlay\" : true}'>\r\n                                    <div class=\"item\" style=\"background-image: url('https:\/\/sunsportfun.it\/wp-content\/uploads\/2021\/01\/IMG-20170601-WA0015.jpg')\"><\/div>\r\n                                        <div class=\"item\" style=\"background-image: url('https:\/\/sunsportfun.it\/wp-content\/uploads\/2021\/01\/IMG-20170601-WA0007.jpg')\"><\/div>\r\n                                        <div class=\"item\" style=\"background-image: url('https:\/\/sunsportfun.it\/wp-content\/uploads\/2021\/02\/189579958.jpg')\"><\/div>\r\n                                        <div class=\"item\" style=\"background-image: url('https:\/\/sunsportfun.it\/wp-content\/uploads\/2021\/01\/IMG-20170601-WA0016.jpg')\"><\/div>\r\n                                        <div class=\"item\" style=\"background-image: url('https:\/\/sunsportfun.it\/wp-content\/uploads\/2020\/06\/Don-Matteo-Sunset-scaled.jpg')\"><\/div>\r\n                                        <div class=\"item\" style=\"background-image: url('https:\/\/sunsportfun.it\/wp-content\/uploads\/2021\/02\/0757c9c1-ab27-46db-9b20-1469c443bd85.jpg')\"><\/div>\r\n                                        <div class=\"item\" style=\"background-image: url('https:\/\/sunsportfun.it\/wp-content\/uploads\/2021\/01\/Matt1-slider-base.jpg')\"><\/div>\r\n                                        <div class=\"item\" style=\"background-image: url('https:\/\/sunsportfun.it\/wp-content\/uploads\/2020\/05\/segesta1.jpg')\"><\/div>\r\n                                        <div class=\"item\" style=\"background-image: url('https:\/\/sunsportfun.it\/wp-content\/uploads\/2019\/01\/supesterno-e1591361392296.jpg')\"><\/div>\r\n                                <\/div>\r\n            <div class=\"slogan\">\r\n                <h4>La tua Vacanza con Sun Sport Fun<\/h4>\r\n                                        <a href=\"#link-to\" target=\"\" class=\"btn btn-primary\">Join Our Team<\/a>\r\n                                <\/div>\r\n        <\/div>\r\n    <\/div>\r\n[\/vc_column][\/vc_row][vc_row][vc_column][vc_empty_space height=&#8221;130px&#8221;][\/vc_column][\/vc_row]<\/p>\n","protected":false},"excerpt":{"rendered":"<p>[vc_row][vc_column][vc_empty_space height=&#8221;60px&#8221;][\/vc_column][\/vc_row][vc_row][vc_column width=&#8221;1\/2&#8243;][vc_single_image image=&#8221;9819&#8243; img_size=&#8221;full&#8221; alignment=&#8221;center&#8221; css_animation=&#8221;none&#8221;][vc_column_text el_class=&#8221;st-aboutus-title&#8221;] La Nostra Storia [\/vc_column_text][vc_column_text el_class=&#8221;st-aboutus-content&#8221;]Siamo una giovane azienda nata per assistere i turisti nei loro viaggi. Tutti i nostri collaboratori sono professionisti del turismo che mettono al primo posto l&#8217;amore per i viaggi dinamici e attivi.[\/vc_column_text][vc_empty_space height=&#8221;30px&#8221;][\/vc_column][vc_column width=&#8221;1\/2&#8243;][vc_single_image image=&#8221;9769&#8243; img_size=&#8221;full&#8221; alignment=&#8221;center&#8221;][vc_column_text el_class=&#8221;st-aboutus-title&#8221;] La Nostra Missione [\/vc_column_text][vc_column_text el_class=&#8221;st-aboutus-content&#8221;]La [&hellip;]<\/p>\n","protected":false},"author":1,"featured_media":10143,"parent":0,"menu_order":0,"comment_status":"closed","ping_status":"closed","template":"template-home-modern.php","meta":{"footnotes":""},"class_list":["post-10428","page","type-page","status-publish","has-post-thumbnail","hentry"],"_links":{"self":[{"href":"https:\/\/sunsportfun.it\/it\/wp-json\/wp\/v2\/pages\/10428","targetHints":{"allow":["GET"]}}],"collection":[{"href":"https:\/\/sunsportfun.it\/it\/wp-json\/wp\/v2\/pages"}],"about":[{"href":"https:\/\/sunsportfun.it\/it\/wp-json\/wp\/v2\/types\/page"}],"author":[{"embeddable":true,"href":"https:\/\/sunsportfun.it\/it\/wp-json\/wp\/v2\/users\/1"}],"replies":[{"embeddable":true,"href":"https:\/\/sunsportfun.it\/it\/wp-json\/wp\/v2\/comments?post=10428"}],"version-history":[{"count":5,"href":"https:\/\/sunsportfun.it\/it\/wp-json\/wp\/v2\/pages\/10428\/revisions"}],"predecessor-version":[{"id":10435,"href":"https:\/\/sunsportfun.it\/it\/wp-json\/wp\/v2\/pages\/10428\/revisions\/10435"}],"wp:featuredmedia":[{"embeddable":true,"href":"https:\/\/sunsportfun.it\/it\/wp-json\/wp\/v2\/media\/10143"}],"wp:attachment":[{"href":"https:\/\/sunsportfun.it\/it\/wp-json\/wp\/v2\/media?parent=10428"}],"curies":[{"name":"wp","href":"https:\/\/api.w.org\/{rel}","templated":true}]}}